{"id":8047,"date":"2024-05-24T22:17:34","date_gmt":"2024-05-24T19:17:34","guid":{"rendered":"https:\/\/legallpartner.com\/antalyalawyer\/?page_id=8047"},"modified":"2024-05-24T22:17:35","modified_gmt":"2024-05-24T19:17:35","slug":"anwalt-fur-inkasso-und-zwangsvollstreckung-in-antalya","status":"publish","type":"page","link":"https:\/\/legallpartner.com\/antalyalawyer\/de\/anwalt-fur-inkasso-und-zwangsvollstreckung-in-antalya\/","title":{"rendered":"Inkasso und Vollstreckungsrecht"},"content":{"rendered":"","protected":false},"excerpt":{"rendered":"","protected":false},"author":1,"featured_media":8048,"parent":0,"menu_order":0,"comment_status":"closed","ping_status":"closed","template":"","meta":{"footnotes":""},"class_list":["post-8047","page","type-page","status-publish","has-post-thumbnail","hentry"],"yoast_head":"<!-- This site is optimized with the Yoast SEO plugin v24.0 - https:\/\/yoast.com\/wordpress\/plugins\/seo\/ -->\n<title>Anwalt f\u00fcr Inkasso und Zwangsvollstreckung in Antalya<\/title>\n<meta name=\"description\" content=\"Suchen Sie einen vertrauensw\u00fcrdigen Anwalt f\u00fcr Forderungseinzug und Zwangsvollstreckung in Antalya? Kontaktieren Sie uns.\" \/>\n<meta name=\"robots\" content=\"index, follow, max-snippet:-1, max-image-preview:large, max-video-preview:-1\" \/>\n<link rel=\"canonical\" href=\"https:\/\/legallpartner.com\/antalyalawyer\/de\/anwalt-fur-inkasso-und-zwangsvollstreckung-in-antalya\/\" \/>\n<meta property=\"og:locale\" content=\"en_US\" \/>\n<meta property=\"og:type\" content=\"article\" \/>\n<meta property=\"og:title\" content=\"Anwalt f\u00fcr Inkasso und Zwangsvollstreckung in Antalya\" \/>\n<meta property=\"og:description\" content=\"Suchen Sie einen vertrauensw\u00fcrdigen Anwalt f\u00fcr Forderungseinzug und Zwangsvollstreckung in Antalya? Kontaktieren Sie uns.\" \/>\n<meta property=\"og:url\" content=\"https:\/\/legallpartner.com\/antalyalawyer\/de\/anwalt-fur-inkasso-und-zwangsvollstreckung-in-antalya\/\" \/>\n<meta property=\"og:site_name\" content=\"Antalya Lawyer | Legall Partner International Law Firm\" \/>\n<meta property=\"article:modified_time\" content=\"2024-05-24T19:17:35+00:00\" \/>\n<meta property=\"og:image\" content=\"https:\/\/legallpartner.com\/antalyalawyer\/wp-content\/uploads\/2024\/05\/Anwalt-fur-Inkasso-und-Zwangsvollstreckung-in-Antalya.webp\" \/>\n\t<meta property=\"og:image:width\" content=\"1024\" \/>\n\t<meta property=\"og:image:height\" content=\"607\" \/>\n\t<meta property=\"og:image:type\" content=\"image\/webp\" \/>\n<meta name=\"twitter:card\" content=\"summary_large_image\" \/>\n<meta name=\"twitter:label1\" content=\"Est. reading time\" \/>\n\t<meta name=\"twitter:data1\" content=\"2 minutes\" \/>\n<script type=\"application\/ld+json\" class=\"yoast-schema-graph\">{\"@context\":\"https:\/\/schema.org\",\"@graph\":[{\"@type\":\"WebPage\",\"@id\":\"https:\/\/legallpartner.com\/antalyalawyer\/de\/anwalt-fur-inkasso-und-zwangsvollstreckung-in-antalya\/\",\"url\":\"https:\/\/legallpartner.com\/antalyalawyer\/de\/anwalt-fur-inkasso-und-zwangsvollstreckung-in-antalya\/\",\"name\":\"Anwalt f\u00fcr Inkasso und Zwangsvollstreckung in Antalya\",\"isPartOf\":{\"@id\":\"https:\/\/legallpartner.com\/antalyalawyer\/#website\"},\"primaryImageOfPage\":{\"@id\":\"https:\/\/legallpartner.com\/antalyalawyer\/de\/anwalt-fur-inkasso-und-zwangsvollstreckung-in-antalya\/#primaryimage\"},\"image\":{\"@id\":\"https:\/\/legallpartner.com\/antalyalawyer\/de\/anwalt-fur-inkasso-und-zwangsvollstreckung-in-antalya\/#primaryimage\"},\"thumbnailUrl\":\"https:\/\/legallpartner.com\/antalyalawyer\/wp-content\/uploads\/2024\/05\/Anwalt-fur-Inkasso-und-Zwangsvollstreckung-in-Antalya.webp\",\"datePublished\":\"2024-05-24T19:17:34+00:00\",\"dateModified\":\"2024-05-24T19:17:35+00:00\",\"description\":\"Suchen Sie einen vertrauensw\u00fcrdigen Anwalt f\u00fcr Forderungseinzug und Zwangsvollstreckung in Antalya? Kontaktieren Sie uns.\",\"breadcrumb\":{\"@id\":\"https:\/\/legallpartner.com\/antalyalawyer\/de\/anwalt-fur-inkasso-und-zwangsvollstreckung-in-antalya\/#breadcrumb\"},\"inLanguage\":\"en-US\",\"potentialAction\":[{\"@type\":\"ReadAction\",\"target\":[\"https:\/\/legallpartner.com\/antalyalawyer\/de\/anwalt-fur-inkasso-und-zwangsvollstreckung-in-antalya\/\"]}]},{\"@type\":\"ImageObject\",\"inLanguage\":\"en-US\",\"@id\":\"https:\/\/legallpartner.com\/antalyalawyer\/de\/anwalt-fur-inkasso-und-zwangsvollstreckung-in-antalya\/#primaryimage\",\"url\":\"https:\/\/legallpartner.com\/antalyalawyer\/wp-content\/uploads\/2024\/05\/Anwalt-fur-Inkasso-und-Zwangsvollstreckung-in-Antalya.webp\",\"contentUrl\":\"https:\/\/legallpartner.com\/antalyalawyer\/wp-content\/uploads\/2024\/05\/Anwalt-fur-Inkasso-und-Zwangsvollstreckung-in-Antalya.webp\",\"width\":1024,\"height\":607,\"caption\":\"Anwalt f\u00fcr Inkasso und Zwangsvollstreckung in Antalya\"},{\"@type\":\"BreadcrumbList\",\"@id\":\"https:\/\/legallpartner.com\/antalyalawyer\/de\/anwalt-fur-inkasso-und-zwangsvollstreckung-in-antalya\/#breadcrumb\",\"itemListElement\":[{\"@type\":\"ListItem\",\"position\":1,\"name\":\"Home\",\"item\":\"https:\/\/legallpartner.com\/antalyalawyer\/\"},{\"@type\":\"ListItem\",\"position\":2,\"name\":\"Inkasso und Vollstreckungsrecht\"}]},{\"@type\":\"WebSite\",\"@id\":\"https:\/\/legallpartner.com\/antalyalawyer\/#website\",\"url\":\"https:\/\/legallpartner.com\/antalyalawyer\/\",\"name\":\"Legall Partner International Law Firm in Alanya\",\"description\":\"Your Trusted Advocate: Experienced Antalya Lawyer, Protecting Your Rights with Precision, Integrity, and Expertise.\",\"publisher\":{\"@id\":\"https:\/\/legallpartner.com\/antalyalawyer\/#organization\"},\"potentialAction\":[{\"@type\":\"SearchAction\",\"target\":{\"@type\":\"EntryPoint\",\"urlTemplate\":\"https:\/\/legallpartner.com\/antalyalawyer\/?s={search_term_string}\"},\"query-input\":{\"@type\":\"PropertyValueSpecification\",\"valueRequired\":true,\"valueName\":\"search_term_string\"}}],\"inLanguage\":\"en-US\"},{\"@type\":\"Organization\",\"@id\":\"https:\/\/legallpartner.com\/antalyalawyer\/#organization\",\"name\":\"Legall Partner International Law Firm in Alanya\",\"url\":\"https:\/\/legallpartner.com\/antalyalawyer\/\",\"logo\":{\"@type\":\"ImageObject\",\"inLanguage\":\"en-US\",\"@id\":\"https:\/\/legallpartner.com\/antalyalawyer\/#\/schema\/logo\/image\/\",\"url\":\"https:\/\/legallpartner.com\/antalyalawyer\/wp-content\/uploads\/2024\/02\/Lawyer-in-Turkey-1.png\",\"contentUrl\":\"https:\/\/legallpartner.com\/antalyalawyer\/wp-content\/uploads\/2024\/02\/Lawyer-in-Turkey-1.png\",\"width\":1414,\"height\":588,\"caption\":\"Legall Partner International Law Firm in Alanya\"},\"image\":{\"@id\":\"https:\/\/legallpartner.com\/antalyalawyer\/#\/schema\/logo\/image\/\"}}]}<\/script>\n<!-- \/ Yoast SEO plugin. -->","yoast_head_json":{"title":"Anwalt f\u00fcr Inkasso und Zwangsvollstreckung in Antalya","description":"Suchen Sie einen vertrauensw\u00fcrdigen Anwalt f\u00fcr Forderungseinzug und Zwangsvollstreckung in Antalya? Kontaktieren Sie uns.","robots":{"index":"index","follow":"follow","max-snippet":"max-snippet:-1","max-image-preview":"max-image-preview:large","max-video-preview":"max-video-preview:-1"},"canonical":"https:\/\/legallpartner.com\/antalyalawyer\/de\/anwalt-fur-inkasso-und-zwangsvollstreckung-in-antalya\/","og_locale":"en_US","og_type":"article","og_title":"Anwalt f\u00fcr Inkasso und Zwangsvollstreckung in Antalya","og_description":"Suchen Sie einen vertrauensw\u00fcrdigen Anwalt f\u00fcr Forderungseinzug und Zwangsvollstreckung in Antalya? Kontaktieren Sie uns.","og_url":"https:\/\/legallpartner.com\/antalyalawyer\/de\/anwalt-fur-inkasso-und-zwangsvollstreckung-in-antalya\/","og_site_name":"Antalya Lawyer | Legall Partner International Law Firm","article_modified_time":"2024-05-24T19:17:35+00:00","og_image":[{"width":1024,"height":607,"url":"https:\/\/legallpartner.com\/antalyalawyer\/wp-content\/uploads\/2024\/05\/Anwalt-fur-Inkasso-und-Zwangsvollstreckung-in-Antalya.webp","type":"image\/webp"}],"twitter_card":"summary_large_image","twitter_misc":{"Est. reading time":"2 minutes"},"schema":{"@context":"https:\/\/schema.org","@graph":[{"@type":"WebPage","@id":"https:\/\/legallpartner.com\/antalyalawyer\/de\/anwalt-fur-inkasso-und-zwangsvollstreckung-in-antalya\/","url":"https:\/\/legallpartner.com\/antalyalawyer\/de\/anwalt-fur-inkasso-und-zwangsvollstreckung-in-antalya\/","name":"Anwalt f\u00fcr Inkasso und Zwangsvollstreckung in Antalya","isPartOf":{"@id":"https:\/\/legallpartner.com\/antalyalawyer\/#website"},"primaryImageOfPage":{"@id":"https:\/\/legallpartner.com\/antalyalawyer\/de\/anwalt-fur-inkasso-und-zwangsvollstreckung-in-antalya\/#primaryimage"},"image":{"@id":"https:\/\/legallpartner.com\/antalyalawyer\/de\/anwalt-fur-inkasso-und-zwangsvollstreckung-in-antalya\/#primaryimage"},"thumbnailUrl":"https:\/\/legallpartner.com\/antalyalawyer\/wp-content\/uploads\/2024\/05\/Anwalt-fur-Inkasso-und-Zwangsvollstreckung-in-Antalya.webp","datePublished":"2024-05-24T19:17:34+00:00","dateModified":"2024-05-24T19:17:35+00:00","description":"Suchen Sie einen vertrauensw\u00fcrdigen Anwalt f\u00fcr Forderungseinzug und Zwangsvollstreckung in Antalya? Kontaktieren Sie uns.","breadcrumb":{"@id":"https:\/\/legallpartner.com\/antalyalawyer\/de\/anwalt-fur-inkasso-und-zwangsvollstreckung-in-antalya\/#breadcrumb"},"inLanguage":"en-US","potentialAction":[{"@type":"ReadAction","target":["https:\/\/legallpartner.com\/antalyalawyer\/de\/anwalt-fur-inkasso-und-zwangsvollstreckung-in-antalya\/"]}]},{"@type":"ImageObject","inLanguage":"en-US","@id":"https:\/\/legallpartner.com\/antalyalawyer\/de\/anwalt-fur-inkasso-und-zwangsvollstreckung-in-antalya\/#primaryimage","url":"https:\/\/legallpartner.com\/antalyalawyer\/wp-content\/uploads\/2024\/05\/Anwalt-fur-Inkasso-und-Zwangsvollstreckung-in-Antalya.webp","contentUrl":"https:\/\/legallpartner.com\/antalyalawyer\/wp-content\/uploads\/2024\/05\/Anwalt-fur-Inkasso-und-Zwangsvollstreckung-in-Antalya.webp","width":1024,"height":607,"caption":"Anwalt f\u00fcr Inkasso und Zwangsvollstreckung in Antalya"},{"@type":"BreadcrumbList","@id":"https:\/\/legallpartner.com\/antalyalawyer\/de\/anwalt-fur-inkasso-und-zwangsvollstreckung-in-antalya\/#breadcrumb","itemListElement":[{"@type":"ListItem","position":1,"name":"Home","item":"https:\/\/legallpartner.com\/antalyalawyer\/"},{"@type":"ListItem","position":2,"name":"Inkasso und Vollstreckungsrecht"}]},{"@type":"WebSite","@id":"https:\/\/legallpartner.com\/antalyalawyer\/#website","url":"https:\/\/legallpartner.com\/antalyalawyer\/","name":"Legall Partner International Law Firm in Alanya","description":"Your Trusted Advocate: Experienced Antalya Lawyer, Protecting Your Rights with Precision, Integrity, and Expertise.","publisher":{"@id":"https:\/\/legallpartner.com\/antalyalawyer\/#organization"},"potentialAction":[{"@type":"SearchAction","target":{"@type":"EntryPoint","urlTemplate":"https:\/\/legallpartner.com\/antalyalawyer\/?s={search_term_string}"},"query-input":{"@type":"PropertyValueSpecification","valueRequired":true,"valueName":"search_term_string"}}],"inLanguage":"en-US"},{"@type":"Organization","@id":"https:\/\/legallpartner.com\/antalyalawyer\/#organization","name":"Legall Partner International Law Firm in Alanya","url":"https:\/\/legallpartner.com\/antalyalawyer\/","logo":{"@type":"ImageObject","inLanguage":"en-US","@id":"https:\/\/legallpartner.com\/antalyalawyer\/#\/schema\/logo\/image\/","url":"https:\/\/legallpartner.com\/antalyalawyer\/wp-content\/uploads\/2024\/02\/Lawyer-in-Turkey-1.png","contentUrl":"https:\/\/legallpartner.com\/antalyalawyer\/wp-content\/uploads\/2024\/02\/Lawyer-in-Turkey-1.png","width":1414,"height":588,"caption":"Legall Partner International Law Firm in Alanya"},"image":{"@id":"https:\/\/legallpartner.com\/antalyalawyer\/#\/schema\/logo\/image\/"}}]}},"_links":{"self":[{"href":"https:\/\/legallpartner.com\/antalyalawyer\/wp-json\/wp\/v2\/pages\/8047","targetHints":{"allow":["GET"]}}],"collection":[{"href":"https:\/\/legallpartner.com\/antalyalawyer\/wp-json\/wp\/v2\/pages"}],"about":[{"href":"https:\/\/legallpartner.com\/antalyalawyer\/wp-json\/wp\/v2\/types\/page"}],"author":[{"embeddable":true,"href":"https:\/\/legallpartner.com\/antalyalawyer\/wp-json\/wp\/v2\/users\/1"}],"replies":[{"embeddable":true,"href":"https:\/\/legallpartner.com\/antalyalawyer\/wp-json\/wp\/v2\/comments?post=8047"}],"version-history":[{"count":2,"href":"https:\/\/legallpartner.com\/antalyalawyer\/wp-json\/wp\/v2\/pages\/8047\/revisions"}],"predecessor-version":[{"id":8050,"href":"https:\/\/legallpartner.com\/antalyalawyer\/wp-json\/wp\/v2\/pages\/8047\/revisions\/8050"}],"wp:featuredmedia":[{"embeddable":true,"href":"https:\/\/legallpartner.com\/antalyalawyer\/wp-json\/wp\/v2\/media\/8048"}],"wp:attachment":[{"href":"https:\/\/legallpartner.com\/antalyalawyer\/wp-json\/wp\/v2\/media?parent=8047"}],"curies":[{"name":"wp","href":"https:\/\/api.w.org\/{rel}","templated":true}]}}