{"id":7973,"date":"2024-05-24T19:58:16","date_gmt":"2024-05-24T16:58:16","guid":{"rendered":"https:\/\/legallpartner.com\/antalyalawyer\/?page_id=7973"},"modified":"2024-05-25T13:09:20","modified_gmt":"2024-05-25T10:09:20","slug":"rechtsanwalt-antalya","status":"publish","type":"page","link":"https:\/\/legallpartner.com\/antalyalawyer\/de\/rechtsanwalt-antalya\/","title":{"rendered":"rechtsanwalt in antalya"},"content":{"rendered":"","protected":false},"excerpt":{"rendered":"","protected":false},"author":1,"featured_media":7966,"parent":0,"menu_order":0,"comment_status":"closed","ping_status":"closed","template":"","meta":{"footnotes":""},"class_list":["post-7973","page","type-page","status-publish","has-post-thumbnail","hentry"],"yoast_head":"<!-- This site is optimized with the Yoast SEO plugin v24.0 - https:\/\/yoast.com\/wordpress\/plugins\/seo\/ -->\n<title>Rechtsanwalt Antalya - Legall Partner Internationale Anwaltskanzlei<\/title>\n<meta name=\"description\" content=\"Ihr vertrauensw\u00fcrdiger Advokat: Erfahrene Rechtsanwalt Antalya, die Ihre Rechte mit Pr\u00e4zision, Integrit\u00e4t und Fachwissen sch\u00fctzt.\" \/>\n<meta name=\"robots\" content=\"index, follow, max-snippet:-1, max-image-preview:large, max-video-preview:-1\" \/>\n<link rel=\"canonical\" href=\"https:\/\/legallpartner.com\/antalyalawyer\/de\/rechtsanwalt-antalya\/\" \/>\n<meta property=\"og:locale\" content=\"en_US\" \/>\n<meta property=\"og:type\" content=\"article\" \/>\n<meta property=\"og:title\" content=\"Rechtsanwalt Antalya - Legall Partner Internationale Anwaltskanzlei\" \/>\n<meta property=\"og:description\" content=\"Ihr vertrauensw\u00fcrdiger Advokat: Erfahrene Rechtsanwalt Antalya, die Ihre Rechte mit Pr\u00e4zision, Integrit\u00e4t und Fachwissen sch\u00fctzt.\" \/>\n<meta property=\"og:url\" content=\"https:\/\/legallpartner.com\/antalyalawyer\/de\/rechtsanwalt-antalya\/\" \/>\n<meta property=\"og:site_name\" content=\"Antalya Lawyer | Legall Partner International Law Firm\" \/>\n<meta property=\"article:modified_time\" content=\"2024-05-25T10:09:20+00:00\" \/>\n<meta property=\"og:image\" content=\"https:\/\/legallpartner.com\/antalyalawyer\/wp-content\/uploads\/2024\/05\/Rechtsanwalt-Antalya.webp\" \/>\n\t<meta property=\"og:image:width\" content=\"1024\" \/>\n\t<meta property=\"og:image:height\" content=\"1024\" \/>\n\t<meta property=\"og:image:type\" content=\"image\/webp\" \/>\n<meta name=\"twitter:card\" content=\"summary_large_image\" \/>\n<meta name=\"twitter:label1\" content=\"Est. reading time\" \/>\n\t<meta name=\"twitter:data1\" content=\"5 minutes\" \/>\n<script type=\"application\/ld+json\" class=\"yoast-schema-graph\">{\"@context\":\"https:\/\/schema.org\",\"@graph\":[{\"@type\":\"WebPage\",\"@id\":\"https:\/\/legallpartner.com\/antalyalawyer\/de\/rechtsanwalt-antalya\/\",\"url\":\"https:\/\/legallpartner.com\/antalyalawyer\/de\/rechtsanwalt-antalya\/\",\"name\":\"Rechtsanwalt Antalya - Legall Partner Internationale Anwaltskanzlei\",\"isPartOf\":{\"@id\":\"https:\/\/legallpartner.com\/antalyalawyer\/#website\"},\"primaryImageOfPage\":{\"@id\":\"https:\/\/legallpartner.com\/antalyalawyer\/de\/rechtsanwalt-antalya\/#primaryimage\"},\"image\":{\"@id\":\"https:\/\/legallpartner.com\/antalyalawyer\/de\/rechtsanwalt-antalya\/#primaryimage\"},\"thumbnailUrl\":\"https:\/\/legallpartner.com\/antalyalawyer\/wp-content\/uploads\/2024\/05\/Rechtsanwalt-Antalya.webp\",\"datePublished\":\"2024-05-24T16:58:16+00:00\",\"dateModified\":\"2024-05-25T10:09:20+00:00\",\"description\":\"Ihr vertrauensw\u00fcrdiger Advokat: Erfahrene Rechtsanwalt Antalya, die Ihre Rechte mit Pr\u00e4zision, Integrit\u00e4t und Fachwissen sch\u00fctzt.\",\"breadcrumb\":{\"@id\":\"https:\/\/legallpartner.com\/antalyalawyer\/de\/rechtsanwalt-antalya\/#breadcrumb\"},\"inLanguage\":\"en-US\",\"potentialAction\":[{\"@type\":\"ReadAction\",\"target\":[\"https:\/\/legallpartner.com\/antalyalawyer\/de\/rechtsanwalt-antalya\/\"]}]},{\"@type\":\"ImageObject\",\"inLanguage\":\"en-US\",\"@id\":\"https:\/\/legallpartner.com\/antalyalawyer\/de\/rechtsanwalt-antalya\/#primaryimage\",\"url\":\"https:\/\/legallpartner.com\/antalyalawyer\/wp-content\/uploads\/2024\/05\/Rechtsanwalt-Antalya.webp\",\"contentUrl\":\"https:\/\/legallpartner.com\/antalyalawyer\/wp-content\/uploads\/2024\/05\/Rechtsanwalt-Antalya.webp\",\"width\":1024,\"height\":1024,\"caption\":\"Rechtsanwalt Antalya\"},{\"@type\":\"BreadcrumbList\",\"@id\":\"https:\/\/legallpartner.com\/antalyalawyer\/de\/rechtsanwalt-antalya\/#breadcrumb\",\"itemListElement\":[{\"@type\":\"ListItem\",\"position\":1,\"name\":\"Home\",\"item\":\"https:\/\/legallpartner.com\/antalyalawyer\/\"},{\"@type\":\"ListItem\",\"position\":2,\"name\":\"rechtsanwalt in antalya\"}]},{\"@type\":\"WebSite\",\"@id\":\"https:\/\/legallpartner.com\/antalyalawyer\/#website\",\"url\":\"https:\/\/legallpartner.com\/antalyalawyer\/\",\"name\":\"Legall Partner International Law Firm in Alanya\",\"description\":\"Your Trusted Advocate: Experienced Antalya Lawyer, Protecting Your Rights with Precision, Integrity, and Expertise.\",\"publisher\":{\"@id\":\"https:\/\/legallpartner.com\/antalyalawyer\/#organization\"},\"potentialAction\":[{\"@type\":\"SearchAction\",\"target\":{\"@type\":\"EntryPoint\",\"urlTemplate\":\"https:\/\/legallpartner.com\/antalyalawyer\/?s={search_term_string}\"},\"query-input\":{\"@type\":\"PropertyValueSpecification\",\"valueRequired\":true,\"valueName\":\"search_term_string\"}}],\"inLanguage\":\"en-US\"},{\"@type\":\"Organization\",\"@id\":\"https:\/\/legallpartner.com\/antalyalawyer\/#organization\",\"name\":\"Legall Partner International Law Firm in Alanya\",\"url\":\"https:\/\/legallpartner.com\/antalyalawyer\/\",\"logo\":{\"@type\":\"ImageObject\",\"inLanguage\":\"en-US\",\"@id\":\"https:\/\/legallpartner.com\/antalyalawyer\/#\/schema\/logo\/image\/\",\"url\":\"https:\/\/legallpartner.com\/antalyalawyer\/wp-content\/uploads\/2024\/02\/Lawyer-in-Turkey-1.png\",\"contentUrl\":\"https:\/\/legallpartner.com\/antalyalawyer\/wp-content\/uploads\/2024\/02\/Lawyer-in-Turkey-1.png\",\"width\":1414,\"height\":588,\"caption\":\"Legall Partner International Law Firm in Alanya\"},\"image\":{\"@id\":\"https:\/\/legallpartner.com\/antalyalawyer\/#\/schema\/logo\/image\/\"}}]}<\/script>\n<!-- \/ Yoast SEO plugin. -->","yoast_head_json":{"title":"Rechtsanwalt Antalya - Legall Partner Internationale Anwaltskanzlei","description":"Ihr vertrauensw\u00fcrdiger Advokat: Erfahrene Rechtsanwalt Antalya, die Ihre Rechte mit Pr\u00e4zision, Integrit\u00e4t und Fachwissen sch\u00fctzt.","robots":{"index":"index","follow":"follow","max-snippet":"max-snippet:-1","max-image-preview":"max-image-preview:large","max-video-preview":"max-video-preview:-1"},"canonical":"https:\/\/legallpartner.com\/antalyalawyer\/de\/rechtsanwalt-antalya\/","og_locale":"en_US","og_type":"article","og_title":"Rechtsanwalt Antalya - Legall Partner Internationale Anwaltskanzlei","og_description":"Ihr vertrauensw\u00fcrdiger Advokat: Erfahrene Rechtsanwalt Antalya, die Ihre Rechte mit Pr\u00e4zision, Integrit\u00e4t und Fachwissen sch\u00fctzt.","og_url":"https:\/\/legallpartner.com\/antalyalawyer\/de\/rechtsanwalt-antalya\/","og_site_name":"Antalya Lawyer | Legall Partner International Law Firm","article_modified_time":"2024-05-25T10:09:20+00:00","og_image":[{"width":1024,"height":1024,"url":"https:\/\/legallpartner.com\/antalyalawyer\/wp-content\/uploads\/2024\/05\/Rechtsanwalt-Antalya.webp","type":"image\/webp"}],"twitter_card":"summary_large_image","twitter_misc":{"Est. reading time":"5 minutes"},"schema":{"@context":"https:\/\/schema.org","@graph":[{"@type":"WebPage","@id":"https:\/\/legallpartner.com\/antalyalawyer\/de\/rechtsanwalt-antalya\/","url":"https:\/\/legallpartner.com\/antalyalawyer\/de\/rechtsanwalt-antalya\/","name":"Rechtsanwalt Antalya - Legall Partner Internationale Anwaltskanzlei","isPartOf":{"@id":"https:\/\/legallpartner.com\/antalyalawyer\/#website"},"primaryImageOfPage":{"@id":"https:\/\/legallpartner.com\/antalyalawyer\/de\/rechtsanwalt-antalya\/#primaryimage"},"image":{"@id":"https:\/\/legallpartner.com\/antalyalawyer\/de\/rechtsanwalt-antalya\/#primaryimage"},"thumbnailUrl":"https:\/\/legallpartner.com\/antalyalawyer\/wp-content\/uploads\/2024\/05\/Rechtsanwalt-Antalya.webp","datePublished":"2024-05-24T16:58:16+00:00","dateModified":"2024-05-25T10:09:20+00:00","description":"Ihr vertrauensw\u00fcrdiger Advokat: Erfahrene Rechtsanwalt Antalya, die Ihre Rechte mit Pr\u00e4zision, Integrit\u00e4t und Fachwissen sch\u00fctzt.","breadcrumb":{"@id":"https:\/\/legallpartner.com\/antalyalawyer\/de\/rechtsanwalt-antalya\/#breadcrumb"},"inLanguage":"en-US","potentialAction":[{"@type":"ReadAction","target":["https:\/\/legallpartner.com\/antalyalawyer\/de\/rechtsanwalt-antalya\/"]}]},{"@type":"ImageObject","inLanguage":"en-US","@id":"https:\/\/legallpartner.com\/antalyalawyer\/de\/rechtsanwalt-antalya\/#primaryimage","url":"https:\/\/legallpartner.com\/antalyalawyer\/wp-content\/uploads\/2024\/05\/Rechtsanwalt-Antalya.webp","contentUrl":"https:\/\/legallpartner.com\/antalyalawyer\/wp-content\/uploads\/2024\/05\/Rechtsanwalt-Antalya.webp","width":1024,"height":1024,"caption":"Rechtsanwalt Antalya"},{"@type":"BreadcrumbList","@id":"https:\/\/legallpartner.com\/antalyalawyer\/de\/rechtsanwalt-antalya\/#breadcrumb","itemListElement":[{"@type":"ListItem","position":1,"name":"Home","item":"https:\/\/legallpartner.com\/antalyalawyer\/"},{"@type":"ListItem","position":2,"name":"rechtsanwalt in antalya"}]},{"@type":"WebSite","@id":"https:\/\/legallpartner.com\/antalyalawyer\/#website","url":"https:\/\/legallpartner.com\/antalyalawyer\/","name":"Legall Partner International Law Firm in Alanya","description":"Your Trusted Advocate: Experienced Antalya Lawyer, Protecting Your Rights with Precision, Integrity, and Expertise.","publisher":{"@id":"https:\/\/legallpartner.com\/antalyalawyer\/#organization"},"potentialAction":[{"@type":"SearchAction","target":{"@type":"EntryPoint","urlTemplate":"https:\/\/legallpartner.com\/antalyalawyer\/?s={search_term_string}"},"query-input":{"@type":"PropertyValueSpecification","valueRequired":true,"valueName":"search_term_string"}}],"inLanguage":"en-US"},{"@type":"Organization","@id":"https:\/\/legallpartner.com\/antalyalawyer\/#organization","name":"Legall Partner International Law Firm in Alanya","url":"https:\/\/legallpartner.com\/antalyalawyer\/","logo":{"@type":"ImageObject","inLanguage":"en-US","@id":"https:\/\/legallpartner.com\/antalyalawyer\/#\/schema\/logo\/image\/","url":"https:\/\/legallpartner.com\/antalyalawyer\/wp-content\/uploads\/2024\/02\/Lawyer-in-Turkey-1.png","contentUrl":"https:\/\/legallpartner.com\/antalyalawyer\/wp-content\/uploads\/2024\/02\/Lawyer-in-Turkey-1.png","width":1414,"height":588,"caption":"Legall Partner International Law Firm in Alanya"},"image":{"@id":"https:\/\/legallpartner.com\/antalyalawyer\/#\/schema\/logo\/image\/"}}]}},"_links":{"self":[{"href":"https:\/\/legallpartner.com\/antalyalawyer\/wp-json\/wp\/v2\/pages\/7973","targetHints":{"allow":["GET"]}}],"collection":[{"href":"https:\/\/legallpartner.com\/antalyalawyer\/wp-json\/wp\/v2\/pages"}],"about":[{"href":"https:\/\/legallpartner.com\/antalyalawyer\/wp-json\/wp\/v2\/types\/page"}],"author":[{"embeddable":true,"href":"https:\/\/legallpartner.com\/antalyalawyer\/wp-json\/wp\/v2\/users\/1"}],"replies":[{"embeddable":true,"href":"https:\/\/legallpartner.com\/antalyalawyer\/wp-json\/wp\/v2\/comments?post=7973"}],"version-history":[{"count":5,"href":"https:\/\/legallpartner.com\/antalyalawyer\/wp-json\/wp\/v2\/pages\/7973\/revisions"}],"predecessor-version":[{"id":8129,"href":"https:\/\/legallpartner.com\/antalyalawyer\/wp-json\/wp\/v2\/pages\/7973\/revisions\/8129"}],"wp:featuredmedia":[{"embeddable":true,"href":"https:\/\/legallpartner.com\/antalyalawyer\/wp-json\/wp\/v2\/media\/7966"}],"wp:attachment":[{"href":"https:\/\/legallpartner.com\/antalyalawyer\/wp-json\/wp\/v2\/media?parent=7973"}],"curies":[{"name":"wp","href":"https:\/\/api.w.org\/{rel}","templated":true}]}}